{"id":742,"date":"2023-05-28T16:57:20","date_gmt":"2023-05-28T16:57:20","guid":{"rendered":"https:\/\/pontbergueme.be\/?page_id=742"},"modified":"2025-01-27T12:47:29","modified_gmt":"2025-01-27T12:47:29","slug":"chalet","status":"publish","type":"page","link":"https:\/\/pontbergueme.be\/?page_id=742&lang=fr","title":{"rendered":"Chalet"},"content":{"rendered":"<p>[et_pb_section fb_built=&#8221;1&#8243; fullwidth=&#8221;on&#8221; _builder_version=&#8221;4.1&#8243; background_color=&#8221;rgba(0,0,0,0.49)&#8221; background_image=&#8221;https:\/\/pontbergueme.be\/wp-content\/uploads\/2018\/07\/DSC3632-1.jpg&#8221; background_blend=&#8221;overlay&#8221; hover_enabled=&#8221;0&#8243; da_disable_devices=&#8221;off|off|off&#8221; da_is_popup=&#8221;off&#8221; da_exit_intent=&#8221;off&#8221; da_has_close=&#8221;on&#8221; da_alt_close=&#8221;off&#8221; da_dark_close=&#8221;off&#8221; da_not_modal=&#8221;on&#8221; da_is_singular=&#8221;off&#8221; da_with_loader=&#8221;off&#8221; da_has_shadow=&#8221;on&#8221;][et_pb_fullwidth_header title=&#8221;CHALETS EN BOIS&#8221; subhead=&#8221;Kamper en tout confort&#8221; text_orientation=&#8221;right&#8221; _builder_version=&#8221;4.1&#8243; title_font=&#8221;Lato||||||||&#8221; title_text_align=&#8221;right&#8221; title_text_color=&#8221;#ffffff&#8221; title_font_size=&#8221;40px&#8221; content_text_color=&#8221;#fcfcfc&#8221; subhead_text_color=&#8221;#ffffff&#8221; background_color=&#8221;rgba(255, 255, 255, 0)&#8221; background_layout=&#8221;light&#8221; custom_padding=&#8221;420px|||&#8221; hover_enabled=&#8221;0&#8243; button_one_text_size__hover_enabled=&#8221;off&#8221; button_two_text_size__hover_enabled=&#8221;off&#8221; button_one_text_color__hover_enabled=&#8221;off&#8221; button_two_text_color__hover_enabled=&#8221;off&#8221; button_one_border_width__hover_enabled=&#8221;off&#8221; button_two_border_width__hover_enabled=&#8221;off&#8221; button_one_border_color__hover_enabled=&#8221;off&#8221; button_two_border_color__hover_enabled=&#8221;off&#8221; button_one_border_radius__hover_enabled=&#8221;off&#8221; button_two_border_radius__hover_enabled=&#8221;off&#8221; button_one_letter_spacing__hover_enabled=&#8221;off&#8221; button_two_letter_spacing__hover_enabled=&#8221;off&#8221; button_one_bg_color__hover_enabled=&#8221;off&#8221; button_two_bg_color__hover_enabled=&#8221;off&#8221;][\/et_pb_fullwidth_header][\/et_pb_section][et_pb_section fb_built=&#8221;1&#8243; _builder_version=&#8221;3.22&#8243; da_disable_devices=&#8221;off|off|off&#8221; da_is_popup=&#8221;off&#8221; da_exit_intent=&#8221;off&#8221; da_has_close=&#8221;on&#8221; da_alt_close=&#8221;off&#8221; da_dark_close=&#8221;off&#8221; da_not_modal=&#8221;on&#8221; da_is_singular=&#8221;off&#8221; da_with_loader=&#8221;off&#8221; da_has_shadow=&#8221;on&#8221;][et_pb_row column_structure=&#8221;1_3,1_3,1_3&#8243; use_custom_gutter=&#8221;on&#8221; gutter_width=&#8221;2&#8243; make_equal=&#8221;on&#8221; _builder_version=&#8221;4.1&#8243;][et_pb_column type=&#8221;1_3&#8243; _builder_version=&#8221;3.25&#8243; background_color=&#8221;#00633e&#8221; custom_padding=&#8221;|||&#8221; custom_padding__hover=&#8221;|||&#8221;][et_pb_text _builder_version=&#8221;4.1&#8243; text_font=&#8221;Lato|||on|||||&#8221; text_text_color=&#8221;#ffffff&#8221; text_font_size=&#8221;19px&#8221; header_font=&#8221;||||||||&#8221; header_2_font=&#8221;Lato|300|||||||&#8221; header_2_text_color=&#8221;#ffffff&#8221; header_2_font_size=&#8221;29px&#8221; text_orientation=&#8221;center&#8221; custom_padding=&#8221;70px|||&#8221;]Il n\u2019est pas n\u00e9cessaire de transporter votre \u00e9quipement de camping![\/et_pb_text][\/et_pb_column][et_pb_column type=&#8221;1_3&#8243; _builder_version=&#8221;4.1&#8243; custom_padding=&#8221;|||&#8221; hover_enabled=&#8221;0&#8243; custom_padding__hover=&#8221;|||&#8221; background_image=&#8221;https:\/\/pontbergueme.be\/wp-content\/uploads\/2018\/07\/DSC3632-2.jpg&#8221;][et_pb_image src=&#8221;https:\/\/pontbergueme.be\/pontbergueme\/wp-content\/uploads\/2018\/07\/DSC3632-2.jpg&#8221; align_tablet=&#8221;center&#8221; align_phone=&#8221;&#8221; align_last_edited=&#8221;on|desktop&#8221; _builder_version=&#8221;3.23&#8243; always_center_on_mobile=&#8221;on&#8221;]&nbsp;<br \/>\n[\/et_pb_image][\/et_pb_column][et_pb_column type=&#8221;1_3&#8243; _builder_version=&#8221;3.25&#8243; background_color=&#8221;#00633e&#8221; custom_padding=&#8221;|||&#8221; custom_padding__hover=&#8221;|||&#8221;][et_pb_text _builder_version=&#8221;4.1&#8243; text_font=&#8221;Lato|||on|||||&#8221; text_text_color=&#8221;#ffffff&#8221; text_font_size=&#8221;19px&#8221; header_font=&#8221;||||||||&#8221; header_2_font=&#8221;Lato|300|||||||&#8221; header_2_text_color=&#8221;#ffffff&#8221; header_2_font_size=&#8221;29px&#8221; text_orientation=&#8221;center&#8221; custom_padding=&#8221;70px|||&#8221;]Enti\u00e8rement \u00e9quip\u00e9[\/et_pb_text][\/et_pb_column][\/et_pb_row][\/et_pb_section][et_pb_section fb_built=&#8221;1&#8243; _builder_version=&#8221;3.22&#8243; background_color=&#8221;#0062a3&#8243; background_position=&#8221;top_center&#8221; background_blend=&#8221;overlay&#8221; da_disable_devices=&#8221;off|off|off&#8221; da_is_popup=&#8221;off&#8221; da_exit_intent=&#8221;off&#8221; da_has_close=&#8221;on&#8221; da_alt_close=&#8221;off&#8221; da_dark_close=&#8221;off&#8221; da_not_modal=&#8221;on&#8221; da_is_singular=&#8221;off&#8221; da_with_loader=&#8221;off&#8221; da_has_shadow=&#8221;on&#8221;][et_pb_row _builder_version=&#8221;3.25&#8243;][et_pb_column type=&#8221;4_4&#8243; _builder_version=&#8221;3.25&#8243; custom_padding=&#8221;|||&#8221; custom_padding__hover=&#8221;|||&#8221;][et_pb_text _builder_version=&#8221;4.1&#8243; background_layout=&#8221;dark&#8221;]<\/p>\n<h1 id=\"u434-2\" class=\"H1\" style=\"text-align: center;\">Chalets en bois<\/h1>\n<p class=\"P\" style=\"text-align: center;\">Aimeriez-vous faire du camping, mais vous n&#8217;avez pas envie de trimballer tout votre mat\u00e9riel de camping? Pas de probl\u00e8me ! Nous louons 10 chalets en bois pour un maximum de 8 personnes. Ces chalets sont simples mais enti\u00e8rement \u00e9quip\u00e9s et bien isol\u00e9s. Equip\u00e9 de chauffage, kitchenette avec cuisini\u00e8re \u00e0 gaz, r\u00e9frig\u00e9rateur, casseroles, po\u00eales, vaisselle, couverts, etc. Un grand coin salle \u00e0 manger. Deux chambres, chacune avec un lit superpos\u00e9 double (2persoons, 135cm). Il vous reste \u00e0 pr\u00e9voir la literie, sacs de couchage et oreillers.<br \/>Les douches et les toilettes sont \u00e0 proximit\u00e9.<br \/>Ces chalets en bois sont \u00e0 louer pour une p\u00e9riode minimale de deux nuits (par exemple du vendredi au dimanche)<\/p>\n<p>[\/et_pb_text][et_pb_button button_url=&#8221;@ET-DC@eyJkeW5hbWljIjp0cnVlLCJjb250ZW50IjoicG9zdF9saW5rX3VybF9wYWdlIiwic2V0dGluZ3MiOnsicG9zdF9pZCI6IjI2NSJ9fQ==@&#8221; button_text=&#8221;Reservez&#8221; button_alignment=&#8221;center&#8221; _builder_version=&#8221;4.1&#8243; custom_button=&#8221;on&#8221; button_text_color=&#8221;#ffffff&#8221; button_border_width=&#8221;0&#8243; button_border_radius=&#8221;0&#8243; hover_enabled=&#8221;0&#8243; button_border_radius_hover=&#8221;0&#8243; button_text_size__hover_enabled=&#8221;off&#8221; button_one_text_size__hover_enabled=&#8221;off&#8221; button_two_text_size__hover_enabled=&#8221;off&#8221; button_text_color__hover_enabled=&#8221;off&#8221; button_one_text_color__hover_enabled=&#8221;off&#8221; button_two_text_color__hover_enabled=&#8221;off&#8221; button_border_width__hover_enabled=&#8221;off&#8221; button_one_border_width__hover_enabled=&#8221;off&#8221; button_two_border_width__hover_enabled=&#8221;off&#8221; button_border_color__hover_enabled=&#8221;off&#8221; button_one_border_color__hover_enabled=&#8221;off&#8221; button_two_border_color__hover_enabled=&#8221;off&#8221; button_border_radius__hover_enabled=&#8221;on&#8221; button_border_radius__hover=&#8221;0&#8243; button_one_border_radius__hover_enabled=&#8221;off&#8221; button_two_border_radius__hover_enabled=&#8221;off&#8221; button_letter_spacing__hover_enabled=&#8221;off&#8221; button_one_letter_spacing__hover_enabled=&#8221;off&#8221; button_two_letter_spacing__hover_enabled=&#8221;off&#8221; button_bg_color__hover_enabled=&#8221;off&#8221; button_one_bg_color__hover_enabled=&#8221;off&#8221; button_two_bg_color__hover_enabled=&#8221;off&#8221; _dynamic_attributes=&#8221;button_url&#8221;][\/et_pb_button][\/et_pb_column][\/et_pb_row][\/et_pb_section][et_pb_section fb_built=&#8221;1&#8243; _builder_version=&#8221;3.22&#8243; custom_margin=&#8221;0px|0px|0px|0px&#8221; custom_padding=&#8221;0px|0px|0px|0px&#8221; da_disable_devices=&#8221;off|off|off&#8221; da_is_popup=&#8221;off&#8221; da_exit_intent=&#8221;off&#8221; da_has_close=&#8221;on&#8221; da_alt_close=&#8221;off&#8221; da_dark_close=&#8221;off&#8221; da_not_modal=&#8221;on&#8221; da_is_singular=&#8221;off&#8221; da_with_loader=&#8221;off&#8221; da_has_shadow=&#8221;on&#8221;][et_pb_row use_custom_gutter=&#8221;on&#8221; gutter_width=&#8221;1&#8243; make_equal=&#8221;on&#8221; module_class=&#8221; et_pb_row_fullwidth&#8221; _builder_version=&#8221;3.25&#8243; width=&#8221;100%&#8221; width_tablet=&#8221;100%&#8221; width_phone=&#8221;&#8221; width_last_edited=&#8221;on|desktop&#8221; max_width=&#8221;100%&#8221; max_width_tablet=&#8221;100%&#8221; max_width_phone=&#8221;&#8221; max_width_last_edited=&#8221;on|desktop&#8221; module_alignment=&#8221;center&#8221; custom_padding=&#8221;0|0px|0|0px&#8221; make_fullwidth=&#8221;on&#8221;][et_pb_column type=&#8221;4_4&#8243; _builder_version=&#8221;3.25&#8243; custom_padding=&#8221;|||&#8221; custom_padding__hover=&#8221;|||&#8221;][et_pb_gallery gallery_ids=&#8221;457,455,456,454,453,468,469&#8243; gallery_orderby=&#8221;rand&#8221; posts_number=&#8221;8&#8243; show_title_and_caption=&#8221;off&#8221; show_pagination=&#8221;off&#8221; zoom_icon_color=&#8221;#0056ba&#8221; _builder_version=&#8221;4.1&#8243; pagination_font_size_tablet=&#8221;51&#8243; pagination_line_height_tablet=&#8221;2&#8243;][\/et_pb_gallery][\/et_pb_column][\/et_pb_row][\/et_pb_section]<\/p>\n","protected":false},"excerpt":{"rendered":"<p>[et_pb_section fb_built=&#8221;1&#8243; fullwidth=&#8221;on&#8221; _builder_version=&#8221;4.1&#8243; background_color=&#8221;rgba(0,0,0,0.49)&#8221; background_image=&#8221;https:\/\/pontbergueme.be\/wp-content\/uploads\/2018\/07\/DSC3632-1.jpg&#8221; background_blend=&#8221;overlay&#8221; hover_enabled=&#8221;0&#8243; da_disable_devices=&#8221;off|off|off&#8221; da_is_popup=&#8221;off&#8221; da_exit_intent=&#8221;off&#8221; da_has_close=&#8221;on&#8221; da_alt_close=&#8221;off&#8221; da_dark_close=&#8221;off&#8221; da_not_modal=&#8221;on&#8221; da_is_singular=&#8221;off&#8221; da_with_loader=&#8221;off&#8221; da_has_shadow=&#8221;on&#8221;][et_pb_fullwidth_header title=&#8221;CHALETS EN BOIS&#8221; subhead=&#8221;Kamper en tout confort&#8221; text_orientation=&#8221;right&#8221; _builder_version=&#8221;4.1&#8243; title_font=&#8221;Lato||||||||&#8221; title_text_align=&#8221;right&#8221; title_text_color=&#8221;#ffffff&#8221; title_font_size=&#8221;40px&#8221; content_text_color=&#8221;#fcfcfc&#8221; subhead_text_color=&#8221;#ffffff&#8221; background_color=&#8221;rgba(255, 255, 255, 0)&#8221; background_layout=&#8221;light&#8221; custom_padding=&#8221;420px|||&#8221; hover_enabled=&#8221;0&#8243; button_one_text_size__hover_enabled=&#8221;off&#8221; button_two_text_size__hover_enabled=&#8221;off&#8221; button_one_text_color__hover_enabled=&#8221;off&#8221; button_two_text_color__hover_enabled=&#8221;off&#8221; button_one_border_width__hover_enabled=&#8221;off&#8221; button_two_border_width__hover_enabled=&#8221;off&#8221; button_one_border_color__hover_enabled=&#8221;off&#8221; button_two_border_color__hover_enabled=&#8221;off&#8221; button_one_border_radius__hover_enabled=&#8221;off&#8221; button_two_border_radius__hover_enabled=&#8221;off&#8221; button_one_letter_spacing__hover_enabled=&#8221;off&#8221; button_two_letter_spacing__hover_enabled=&#8221;off&#8221; button_one_bg_color__hover_enabled=&#8221;off&#8221; button_two_bg_color__hover_enabled=&#8221;off&#8221;][\/et_pb_fullwidth_header][\/et_pb_section][et_pb_section fb_built=&#8221;1&#8243; [&hellip;]<\/p>\n","protected":false},"author":1,"featured_media":0,"parent":0,"menu_order":0,"comment_status":"closed","ping_status":"closed","template":"","meta":{"_et_pb_use_builder":"on","_et_pb_old_content":"","_et_gb_content_width":"","footnotes":""},"class_list":["post-742","page","type-page","status-publish","hentry"],"_links":{"self":[{"href":"https:\/\/pontbergueme.be\/index.php?rest_route=\/wp\/v2\/pages\/742","targetHints":{"allow":["GET"]}}],"collection":[{"href":"https:\/\/pontbergueme.be\/index.php?rest_route=\/wp\/v2\/pages"}],"about":[{"href":"https:\/\/pontbergueme.be\/index.php?rest_route=\/wp\/v2\/types\/page"}],"author":[{"embeddable":true,"href":"https:\/\/pontbergueme.be\/index.php?rest_route=\/wp\/v2\/users\/1"}],"replies":[{"embeddable":true,"href":"https:\/\/pontbergueme.be\/index.php?rest_route=%2Fwp%2Fv2%2Fcomments&post=742"}],"version-history":[{"count":10,"href":"https:\/\/pontbergueme.be\/index.php?rest_route=\/wp\/v2\/pages\/742\/revisions"}],"predecessor-version":[{"id":816,"href":"https:\/\/pontbergueme.be\/index.php?rest_route=\/wp\/v2\/pages\/742\/revisions\/816"}],"wp:attachment":[{"href":"https:\/\/pontbergueme.be\/index.php?rest_route=%2Fwp%2Fv2%2Fmedia&parent=742"}],"curies":[{"name":"wp","href":"https:\/\/api.w.org\/{rel}","templated":true}]}}